{"id":8,"date":"2013-12-19T15:56:06","date_gmt":"2013-12-19T15:56:06","guid":{"rendered":"http:\/\/beliveas.cz\/?page_id=8"},"modified":"2018-01-15T16:16:46","modified_gmt":"2018-01-15T16:16:46","slug":"o-spolecnosti","status":"publish","type":"page","link":"https:\/\/hydrenas.cz\/","title":{"rendered":"O spole\u010dnosti"},"content":{"rendered":"<p>Spole\u010dnost HYDREN, a.s. byla zaps\u00e1na dne 04. 12. 2012 u M\u011bstsk\u00e9ho soudu v Praze, odd\u00edl B, vlo\u017eka 18742.<\/p>\n<p><span style=\"text-decoration: underline;\"><strong>Kontaktn\u00ed \u00fadaje:<\/strong><\/span><br \/>\nHYDREN, a.s.<br \/>\nV\u00e1clavsk\u00e9 n\u00e1m\u011bst\u00ed 772\/2<br \/>\n110 00 Praha 1<br \/>\nI\u010c: 29136989<br \/>\nDI\u010c: CZ29136989<\/p>\n<p><iframe loading=\"lazy\" src=\"https:\/\/maps.google.cz\/maps?f=q&amp;source=s_q&amp;hl=cs&amp;geocode=&amp;q=V%C3%A1clavsk%C3%A9+n%C3%A1m%C4%9Bst%C3%AD+772%2F2,+Praha-Praha+1&amp;aq=0&amp;oq=V%C3%A1clavsk%C3%A9+n%C3%A1m%C4%9Bst%C3%AD+772%2F2&amp;sll=50.090407,14.425555&amp;sspn=0.007503,0.012681&amp;t=h&amp;brcurrent=5,0,0&amp;ie=UTF8&amp;split=0&amp;hq=&amp;hnear=V%C3%A1clavsk%C3%A9+n%C3%A1m%C4%9Bst%C3%AD+772%2F2,+110+00+Praha&amp;ll=50.083802,14.423504&amp;spn=0.016522,0.025749&amp;z=14&amp;iwloc=A&amp;output=embed\" width=\"300\" height=\"300\" frameborder=\"0\" marginwidth=\"0\" marginheight=\"0\" scrolling=\"no\"><\/iframe><br \/>\n<small><a style=\"color: #0000ff; text-align: left;\" href=\"https:\/\/maps.google.cz\/maps?f=q&amp;source=embed&amp;hl=cs&amp;geocode=&amp;q=V%C3%A1clavsk%C3%A9+n%C3%A1m%C4%9Bst%C3%AD+772%2F2,+Praha-Praha+1&amp;aq=0&amp;oq=V%C3%A1clavsk%C3%A9+n%C3%A1m%C4%9Bst%C3%AD+772%2F2&amp;sll=50.090407,14.425555&amp;sspn=0.007503,0.012681&amp;t=h&amp;brcurrent=5,0,0&amp;ie=UTF8&amp;split=0&amp;hq=&amp;hnear=V%C3%A1clavsk%C3%A9+n%C3%A1m%C4%9Bst%C3%AD+772%2F2,+110+00+Praha&amp;ll=50.083802,14.423504&amp;spn=0.016522,0.025749&amp;z=14&amp;iwloc=A\">Zv\u011bt\u0161it mapu<\/a><\/small><\/p>\n<p><span style=\"text-decoration: underline;\"><strong>Statut\u00e1rn\u00ed org\u00e1ny:<\/strong><\/span><\/p>\n<p><span style=\"text-decoration: underline;\"><strong>P\u0159edstavenstvo:<\/strong><\/span><\/p>\n<p><span style=\"text-decoration: underline;\">P\u0159edseda p\u0159edstavenstva:<\/span><br \/>\nIng. JAN PR\u00c1DLER, dat. nar.\u00a0 8. \u00fanora 1959<br \/>\nJana B\u00edlka 297, Doln\u00ed Po\u010dernice, 190 12 Praha 9<br \/>\nDen vzniku funkce: 19. \u010dervence 2016<br \/>\nDen vzniku \u010dlenstv\u00ed: 13. \u010dervence 2016<\/p>\n<p><span style=\"text-decoration: underline;\">\u010clen p\u0159edstavenstva:<\/span><br \/>\nAD\u00c9LA N\u00c1DEN\u00cdKOV\u00c1, dat. nar.\u00a0 27. \u0159\u00edjna 1984<br \/>\n\u010d.p. 440, 332 04 Losin\u00e1<br \/>\nDen vzniku \u010dlenstv\u00ed: 4. prosince 2012<\/p>\n<p>&nbsp;<\/p>\n<p>&nbsp;<\/p>\n<p>&nbsp;<\/p>\n","protected":false},"excerpt":{"rendered":"<p>Spole\u010dnost HYDREN, a.s. byla zaps\u00e1na dne 04. 12. 2012 u M\u011bstsk\u00e9ho soudu v Praze, odd\u00edl B, vlo\u017eka 18742. Kontaktn\u00ed \u00fadaje: HYDREN, a.s. V\u00e1clavsk\u00e9 n\u00e1m\u011bst\u00ed 772\/2 110 00 Praha 1 I\u010c: 29136989 DI\u010c: CZ29136989 Zv\u011bt\u0161it mapu Statut\u00e1rn\u00ed org\u00e1ny: P\u0159edstavenstvo: P\u0159edseda p\u0159edstavenstva: Ing. JAN PR\u00c1DLER, dat. nar.\u00a0 8. \u00fanora 1959 Jana B\u00edlka 297, Doln\u00ed Po\u010dernice, 190 12 [&hellip;]<\/p>\n","protected":false},"author":1,"featured_media":0,"parent":0,"menu_order":0,"comment_status":"closed","ping_status":"open","template":"","meta":{"footnotes":""},"class_list":["post-8","page","type-page","status-publish","hentry"],"_links":{"self":[{"href":"https:\/\/hydrenas.cz\/index.php?rest_route=\/wp\/v2\/pages\/8","targetHints":{"allow":["GET"]}}],"collection":[{"href":"https:\/\/hydrenas.cz\/index.php?rest_route=\/wp\/v2\/pages"}],"about":[{"href":"https:\/\/hydrenas.cz\/index.php?rest_route=\/wp\/v2\/types\/page"}],"author":[{"embeddable":true,"href":"https:\/\/hydrenas.cz\/index.php?rest_route=\/wp\/v2\/users\/1"}],"replies":[{"embeddable":true,"href":"https:\/\/hydrenas.cz\/index.php?rest_route=%2Fwp%2Fv2%2Fcomments&post=8"}],"version-history":[{"count":5,"href":"https:\/\/hydrenas.cz\/index.php?rest_route=\/wp\/v2\/pages\/8\/revisions"}],"predecessor-version":[{"id":45,"href":"https:\/\/hydrenas.cz\/index.php?rest_route=\/wp\/v2\/pages\/8\/revisions\/45"}],"wp:attachment":[{"href":"https:\/\/hydrenas.cz\/index.php?rest_route=%2Fwp%2Fv2%2Fmedia&parent=8"}],"curies":[{"name":"wp","href":"https:\/\/api.w.org\/{rel}","templated":true}]}}