{"id":17,"date":"2013-12-19T16:52:26","date_gmt":"2013-12-19T16:52:26","guid":{"rendered":"http:\/\/beliveas.cz\/?page_id=17"},"modified":"2024-05-24T10:16:30","modified_gmt":"2024-05-24T10:16:30","slug":"valna-hromada","status":"publish","type":"page","link":"https:\/\/hydrenas.cz\/?page_id=17","title":{"rendered":"Valn\u00e1 hromada"},"content":{"rendered":"<p>P\u0159\u00ed\u0161t\u00ed sch\u016fze \u010dlen\u016f valn\u00e9 hromady se kon\u00e1 27. 06. 2024 ve 14 hodin. Pozv\u00e1nku v elektronick\u00e9 podob\u011b naleznete na adrese <a href=\"https:\/\/hydrenas.cz\/wp-content\/uploads\/2024\/05\/valna-hromada_27062024.pdf\">https:\/\/hydrenas.cz\/wp-content\/uploads\/2016\/06\/pozv\u00e1nka_VH_130720161.pdf<\/a>.<\/p>\n","protected":false},"excerpt":{"rendered":"<p>P\u0159\u00ed\u0161t\u00ed sch\u016fze \u010dlen\u016f valn\u00e9 hromady se kon\u00e1 27. 06. 2024 ve 14 hodin. Pozv\u00e1nku v elektronick\u00e9 podob\u011b naleznete na adrese https:\/\/hydrenas.cz\/wp-content\/uploads\/2016\/06\/pozv\u00e1nka_VH_130720161.pdf.<\/p>\n","protected":false},"author":1,"featured_media":0,"parent":0,"menu_order":0,"comment_status":"closed","ping_status":"open","template":"","meta":{"footnotes":""},"class_list":["post-17","page","type-page","status-publish","hentry"],"_links":{"self":[{"href":"https:\/\/hydrenas.cz\/index.php?rest_route=\/wp\/v2\/pages\/17","targetHints":{"allow":["GET"]}}],"collection":[{"href":"https:\/\/hydrenas.cz\/index.php?rest_route=\/wp\/v2\/pages"}],"about":[{"href":"https:\/\/hydrenas.cz\/index.php?rest_route=\/wp\/v2\/types\/page"}],"author":[{"embeddable":true,"href":"https:\/\/hydrenas.cz\/index.php?rest_route=\/wp\/v2\/users\/1"}],"replies":[{"embeddable":true,"href":"https:\/\/hydrenas.cz\/index.php?rest_route=%2Fwp%2Fv2%2Fcomments&post=17"}],"version-history":[{"count":8,"href":"https:\/\/hydrenas.cz\/index.php?rest_route=\/wp\/v2\/pages\/17\/revisions"}],"predecessor-version":[{"id":51,"href":"https:\/\/hydrenas.cz\/index.php?rest_route=\/wp\/v2\/pages\/17\/revisions\/51"}],"wp:attachment":[{"href":"https:\/\/hydrenas.cz\/index.php?rest_route=%2Fwp%2Fv2%2Fmedia&parent=17"}],"curies":[{"name":"wp","href":"https:\/\/api.w.org\/{rel}","templated":true}]}}